{"id":119,"date":"2023-06-20T17:11:45","date_gmt":"2023-06-20T17:11:45","guid":{"rendered":"https:\/\/sbtmagellan.me\/?page_id=119"},"modified":"2023-06-20T17:28:06","modified_gmt":"2023-06-20T17:28:06","slug":"blue-cave-tour-for-up-to-10-people","status":"publish","type":"page","link":"https:\/\/sbtmagellan.me\/es\/blue-cave-tour-for-up-to-10-people\/","title":{"rendered":"Blue Cave Tour for up to 10 people"},"content":{"rendered":"<div data-elementor-type=\"wp-page\" data-elementor-id=\"119\" class=\"elementor elementor-119\" data-elementor-post-type=\"page\">\n\t\t\t\t\t\t<section class=\"elementor-section elementor-top-section elementor-element elementor-element-715039ad elementor-section-height-min-height elementor-section-boxed elementor-section-height-default elementor-section-items-middle\" data-id=\"715039ad\" data-element_type=\"section\" data-e-type=\"section\" data-settings=\"{&quot;background_background&quot;:&quot;classic&quot;,&quot;shape_divider_bottom&quot;:&quot;waves&quot;}\">\n\t\t\t\t\t\t\t<div class=\"elementor-background-overlay\"><\/div>\n\t\t\t\t\t\t<div class=\"elementor-shape elementor-shape-bottom\" aria-hidden=\"true\" data-negative=\"false\">\n\t\t\t<svg xmlns=\"http:\/\/www.w3.org\/2000\/svg\" viewbox=\"0 0 1000 100\" preserveaspectratio=\"none\">\n\t<path class=\"elementor-shape-fill\" d=\"M421.9,6.5c22.6-2.5,51.5,0.4,75.5,5.3c23.6,4.9,70.9,23.5,100.5,35.7c75.8,32.2,133.7,44.5,192.6,49.7\tc23.6,2.1,48.7,3.5,103.4-2.5c54.7-6,106.2-25.6,106.2-25.6V0H0v30.3c0,0,72,32.6,158.4,30.5c39.2-0.7,92.8-6.7,134-22.4\tc21.2-8.1,52.2-18.2,79.7-24.2C399.3,7.9,411.6,7.5,421.9,6.5z\"\/>\n<\/svg>\t\t<\/div>\n\t\t\t\t\t<div class=\"elementor-container elementor-column-gap-default\">\n\t\t\t\t\t<div class=\"elementor-column elementor-col-50 elementor-top-column elementor-element elementor-element-1d0a493a\" data-id=\"1d0a493a\" data-element_type=\"column\" data-e-type=\"column\">\n\t\t\t<div class=\"elementor-widget-wrap elementor-element-populated\">\n\t\t\t\t\t\t<div class=\"elementor-element elementor-element-4265fa39 elementor-widget elementor-widget-heading\" data-id=\"4265fa39\" data-element_type=\"widget\" data-e-type=\"widget\" data-widget_type=\"heading.default\">\n\t\t\t\t<div class=\"elementor-widget-container\">\n\t\t\t\t\t<h1 class=\"elementor-heading-title elementor-size-default\">Private Blue Cave Tour for up to 10 people Marinelo Eden 22\n<\/h1>\t\t\t\t<\/div>\n\t\t\t\t<\/div>\n\t\t\t\t<div class=\"elementor-element elementor-element-37c46eff elementor-widget elementor-widget-text-editor\" data-id=\"37c46eff\" data-element_type=\"widget\" data-e-type=\"widget\" data-widget_type=\"text-editor.default\">\n\t\t\t\t<div class=\"elementor-widget-container\">\n\t\t\t\t\t\t\t\t\t<p>\u00bfQu\u00e9 mejor manera de explorar Montenegro y sus aspectos m\u00e1s destacados que con un tour en barco? Sin tr\u00e1fico, sin calor, solo belleza natural y buen rollo.<\/p>\t\t\t\t\t\t\t\t<\/div>\n\t\t\t\t<\/div>\n\t\t\t\t<section class=\"elementor-section elementor-inner-section elementor-element elementor-element-3b3e7f96 elementor-section-boxed elementor-section-height-default elementor-section-height-default\" data-id=\"3b3e7f96\" data-element_type=\"section\" data-e-type=\"section\">\n\t\t\t\t\t\t<div class=\"elementor-container elementor-column-gap-default\">\n\t\t\t\t\t<div class=\"elementor-column elementor-col-50 elementor-inner-column elementor-element elementor-element-391e9535\" data-id=\"391e9535\" data-element_type=\"column\" data-e-type=\"column\">\n\t\t\t<div class=\"elementor-widget-wrap elementor-element-populated\">\n\t\t\t\t\t\t<div class=\"elementor-element elementor-element-4a4c5552 elementor-widget elementor-widget-button\" data-id=\"4a4c5552\" data-element_type=\"widget\" data-e-type=\"widget\" data-widget_type=\"button.default\">\n\t\t\t\t<div class=\"elementor-widget-container\">\n\t\t\t\t\t\t\t\t\t<div class=\"elementor-button-wrapper\">\n\t\t\t\t\t<a class=\"elementor-button elementor-button-link elementor-size-md\" href=\"#\">\n\t\t\t\t\t\t<span class=\"elementor-button-content-wrapper\">\n\t\t\t\t\t\t\t\t\t<span class=\"elementor-button-text\">Rezervi\u0161i turu<\/span>\n\t\t\t\t\t<\/span>\n\t\t\t\t\t<\/a>\n\t\t\t\t<\/div>\n\t\t\t\t\t\t\t\t<\/div>\n\t\t\t\t<\/div>\n\t\t\t\t\t<\/div>\n\t\t<\/div>\n\t\t\t\t<div class=\"elementor-column elementor-col-50 elementor-inner-column elementor-element elementor-element-5abbc9ab\" data-id=\"5abbc9ab\" data-element_type=\"column\" data-e-type=\"column\">\n\t\t\t<div class=\"elementor-widget-wrap elementor-element-populated\">\n\t\t\t\t\t\t<div class=\"elementor-element elementor-element-7122cae6 elementor-widget__width-initial elementor-widget elementor-widget-button\" data-id=\"7122cae6\" data-element_type=\"widget\" data-e-type=\"widget\" data-widget_type=\"button.default\">\n\t\t\t\t<div class=\"elementor-widget-container\">\n\t\t\t\t\t\t\t\t\t<div class=\"elementor-button-wrapper\">\n\t\t\t\t\t<a class=\"elementor-button elementor-button-link elementor-size-md\" href=\"#\">\n\t\t\t\t\t\t<span class=\"elementor-button-content-wrapper\">\n\t\t\t\t\t\t<span class=\"elementor-button-icon\">\n\t\t\t\t<i aria-hidden=\"true\" class=\"fas fa-arrow-right\"><\/i>\t\t\t<\/span>\n\t\t\t\t\t\t\t\t\t<span class=\"elementor-button-text\">Pogledaj ponudu<\/span>\n\t\t\t\t\t<\/span>\n\t\t\t\t\t<\/a>\n\t\t\t\t<\/div>\n\t\t\t\t\t\t\t\t<\/div>\n\t\t\t\t<\/div>\n\t\t\t\t\t<\/div>\n\t\t<\/div>\n\t\t\t\t\t<\/div>\n\t\t<\/section>\n\t\t\t\t\t<\/div>\n\t\t<\/div>\n\t\t\t\t<div class=\"elementor-column elementor-col-50 elementor-top-column elementor-element elementor-element-6d451f68\" data-id=\"6d451f68\" data-element_type=\"column\" data-e-type=\"column\">\n\t\t\t<div class=\"elementor-widget-wrap\">\n\t\t\t\t\t\t\t<\/div>\n\t\t<\/div>\n\t\t\t\t\t<\/div>\n\t\t<\/section>\n\t\t\t\t<section class=\"elementor-section elementor-top-section elementor-element elementor-element-d7562d1 elementor-section-boxed elementor-section-height-default elementor-section-height-default\" data-id=\"d7562d1\" data-element_type=\"section\" data-e-type=\"section\">\n\t\t\t\t\t\t<div class=\"elementor-container elementor-column-gap-default\">\n\t\t\t\t\t<div class=\"elementor-column elementor-col-100 elementor-top-column elementor-element elementor-element-7081db6\" data-id=\"7081db6\" data-element_type=\"column\" data-e-type=\"column\">\n\t\t\t<div class=\"elementor-widget-wrap elementor-element-populated\">\n\t\t\t\t\t\t<div class=\"elementor-element elementor-element-033a9ca elementor-widget elementor-widget-text-editor\" data-id=\"033a9ca\" data-element_type=\"widget\" data-e-type=\"widget\" data-widget_type=\"text-editor.default\">\n\t\t\t\t<div class=\"elementor-widget-container\">\n\t\t\t\t\t\t\t\t\t<p>After coming to our location(or getting picked up) our manager will proceed you to your boat and our skippers would be your tour guides and guardian angels for the next 3 hours.<\/p><p>Our first stop is artficial Island called &#8220;Lady of the Rocks&#8221;. The church Our Lady of the Rocks is located at the same named island which is located in bay of Boka bay across the beautiful small and peaceful town Perast. This church was raised in 1630 on an artificial island, which was built by fishermen from Perast. According to a legend these fishermen after the shipwreck found on a sea rock an icon of Holy Mother of God with Christ and vowed that right on that spot where the icon was found they will build a church, which will be dedicated to this icon of the Holy Mother of God, protector of sailors and fishermen.\u00a0<\/p><p>That is one of the reasons why you&#8217;ll see more than 2000 silver plaques dedicated by local sailors and their family. The most precious gift that was ever given to the church is embroidery by a women named Jacinta Kunic which she did with her own hair for 25 years while waiting for her husband to come back . Many historical ornaments and the story itself makes this island the most visited in Montenegro. There you will have 20 minutes free to explore it and take some beautiful pictures and memories.<\/p><p>Next on we will stop for a photo pause and explanation in Former Yugoslavian &#8220;Submarine Base&#8221;. It was used during the wars to hide submarines from the enemies. The former most secret place in Yugoslavia is now the most visited place in Montenegro. Our third location which is only possible to see by the boat since it is private resort now is a former prison island called &#8220;Mamula&#8221;. This island, which is devoted to historical events, is located at the entrance to the Bay of Kotor, between Herceg Novi and Lu\u0161tica. The fortress was built in the middle of the 19th century by Austro-Hungarian general Lazar Mamula.\u00a0<\/p><p>During the First and Second World War, the fortress was used as a prison, mostly for the ones who can&#8217;t swim so they can&#8217;t escape. Last but not least&#8230; the Blue Cave- the most beautiful natural phenomenon on the Montenegrin coast. This natural cave with a ceiling of 9 meters above sea level, takes the breath away to anyone who visits it. Through the incoming sunlight it enters its interior, and wraps around the surface of the water creating large shades of blue color by which the cave got its name. Here you will have 30minutes pause for swimming, taking photos or leisure.<\/p><div><span style=\"color: #333399;\"><strong>NOTES:<\/strong><\/span> Since this is a private tour, you have the right to change the course of the route and also duration.<\/div>\t\t\t\t\t\t\t\t<\/div>\n\t\t\t\t<\/div>\n\t\t\t\t\t<\/div>\n\t\t<\/div>\n\t\t\t\t\t<\/div>\n\t\t<\/section>\n\t\t\t\t<section class=\"elementor-section elementor-top-section elementor-element elementor-element-62175fb8 elementor-section-boxed elementor-section-height-default elementor-section-height-default\" data-id=\"62175fb8\" data-element_type=\"section\" data-e-type=\"section\">\n\t\t\t\t\t\t<div class=\"elementor-container elementor-column-gap-default\">\n\t\t\t\t\t<div class=\"elementor-column elementor-col-50 elementor-top-column elementor-element elementor-element-28b08da\" data-id=\"28b08da\" data-element_type=\"column\" data-e-type=\"column\">\n\t\t\t<div class=\"elementor-widget-wrap elementor-element-populated\">\n\t\t\t\t\t\t<div class=\"elementor-element elementor-element-73d9e92a elementor-widget elementor-widget-heading\" data-id=\"73d9e92a\" data-element_type=\"widget\" data-e-type=\"widget\" data-widget_type=\"heading.default\">\n\t\t\t\t<div class=\"elementor-widget-container\">\n\t\t\t\t\t<h2 class=\"elementor-heading-title elementor-size-default\">Inclusions:\n<\/h2>\t\t\t\t<\/div>\n\t\t\t\t<\/div>\n\t\t\t\t<div class=\"elementor-element elementor-element-67cbacb0 elementor-widget elementor-widget-text-editor\" data-id=\"67cbacb0\" data-element_type=\"widget\" data-e-type=\"widget\" data-widget_type=\"text-editor.default\">\n\t\t\t\t<div class=\"elementor-widget-container\">\n\t\t\t\t\t\t\t\t\t<ul><li class=\"gmail-activity-inclusions__item gmail-activity-inclusions__item--inclusion\"><span class=\"gmail-activity-inclusions__test gmail-activity-inclusions__test--include\">Recogida y regreso al hotel.<\/span><\/li><li class=\"gmail-activity-inclusions__item gmail-activity-inclusions__item--inclusion\"><span class=\"gmail-activity-inclusions__test gmail-activity-inclusions__test--include\">conductor<\/span><\/li><li class=\"gmail-activity-inclusions__item gmail-activity-inclusions__item--inclusion\"><span class=\"gmail-activity-inclusions__test gmail-activity-inclusions__test--include\">Combustible<\/span><\/li><li class=\"gmail-activity-inclusions__item gmail-activity-inclusions__item--inclusion\"><span class=\"gmail-activity-inclusions__test gmail-activity-inclusions__test--include\">Bebidas<\/span><\/li><li class=\"gmail-activity-inclusions__item gmail-activity-inclusions__item--inclusion\"><span class=\"gmail-activity-inclusions__test gmail-activity-inclusions__test--include\">Chalecos salvavidas<\/span><\/li><li class=\"gmail-activity-inclusions__item gmail-activity-inclusions__item--inclusion\"><span class=\"gmail-activity-inclusions__test gmail-activity-inclusions__test--include\">Impermeable (en caso de lluvia)<\/span><\/li><li class=\"gmail-activity-inclusions__item gmail-activity-inclusions__item--inclusion\"><span class=\"gmail-activity-inclusions__test gmail-activity-inclusions__test--include\">Wi-Fi gratis<\/span><\/li><\/ul>\t\t\t\t\t\t\t\t<\/div>\n\t\t\t\t<\/div>\n\t\t\t\t<div class=\"elementor-element elementor-element-1bffd823 elementor-widget elementor-widget-heading\" data-id=\"1bffd823\" data-element_type=\"widget\" data-e-type=\"widget\" data-widget_type=\"heading.default\">\n\t\t\t\t<div class=\"elementor-widget-container\">\n\t\t\t\t\t<h2 class=\"elementor-heading-title elementor-size-default\">Exclusions:<\/h2>\t\t\t\t<\/div>\n\t\t\t\t<\/div>\n\t\t\t\t<div class=\"elementor-element elementor-element-6622415e elementor-widget elementor-widget-text-editor\" data-id=\"6622415e\" data-element_type=\"widget\" data-e-type=\"widget\" data-widget_type=\"text-editor.default\">\n\t\t\t\t<div class=\"elementor-widget-container\">\n\t\t\t\t\t\t\t\t\t<ul><li class=\"gmail-activity-inclusions__item gmail-activity-inclusions__item--exclusion\"><span class=\"gmail-activity-inclusions__test gmail-activity-inclusions__test--exclude\">Entradas al museo<\/span><\/li><li class=\"gmail-activity-inclusions__item gmail-activity-inclusions__item--exclusion\"><span class=\"gmail-activity-inclusions__test gmail-activity-inclusions__test--exclude\">Costos personales<\/span><\/li><\/ul>\t\t\t\t\t\t\t\t<\/div>\n\t\t\t\t<\/div>\n\t\t\t\t<div class=\"elementor-element elementor-element-c114daa elementor-widget elementor-widget-heading\" data-id=\"c114daa\" data-element_type=\"widget\" data-e-type=\"widget\" data-widget_type=\"heading.default\">\n\t\t\t\t<div class=\"elementor-widget-container\">\n\t\t\t\t\t<h2 class=\"elementor-heading-title elementor-size-default\">PRICE: 350e per group<\/h2>\t\t\t\t<\/div>\n\t\t\t\t<\/div>\n\t\t\t\t<div class=\"elementor-element elementor-element-3cf2f50 elementor-widget elementor-widget-heading\" data-id=\"3cf2f50\" data-element_type=\"widget\" data-e-type=\"widget\" data-widget_type=\"heading.default\">\n\t\t\t\t<div class=\"elementor-widget-container\">\n\t\t\t\t\t<h2 class=\"elementor-heading-title elementor-size-default\">Duration: 3 hours<\/h2>\t\t\t\t<\/div>\n\t\t\t\t<\/div>\n\t\t\t\t\t<\/div>\n\t\t<\/div>\n\t\t\t\t<div class=\"elementor-column elementor-col-50 elementor-top-column elementor-element elementor-element-1ef658aa\" data-id=\"1ef658aa\" data-element_type=\"column\" data-e-type=\"column\">\n\t\t\t<div class=\"elementor-widget-wrap elementor-element-populated\">\n\t\t\t\t\t\t<div class=\"elementor-element elementor-element-70458a8 elementor-widget elementor-widget-image\" data-id=\"70458a8\" data-element_type=\"widget\" data-e-type=\"widget\" data-widget_type=\"image.default\">\n\t\t\t\t<div class=\"elementor-widget-container\">\n\t\t\t\t\t\t\t\t\t\t\t\t\t\t\t<img fetchpriority=\"high\" decoding=\"async\" width=\"768\" height=\"1024\" src=\"https:\/\/sbtmagellan.me\/wp-content\/uploads\/2023\/06\/image-2023-06-20T093646.211-768x1024.jpg\" class=\"attachment-large size-large wp-image-98\" alt=\"\" srcset=\"https:\/\/sbtmagellan.me\/wp-content\/uploads\/2023\/06\/image-2023-06-20T093646.211-768x1024.jpg 768w, https:\/\/sbtmagellan.me\/wp-content\/uploads\/2023\/06\/image-2023-06-20T093646.211-225x300.jpg 225w, https:\/\/sbtmagellan.me\/wp-content\/uploads\/2023\/06\/image-2023-06-20T093646.211-1152x1536.jpg 1152w, https:\/\/sbtmagellan.me\/wp-content\/uploads\/2023\/06\/image-2023-06-20T093646.211-1536x2048.jpg 1536w, https:\/\/sbtmagellan.me\/wp-content\/uploads\/2023\/06\/image-2023-06-20T093646.211-9x12.jpg 9w, https:\/\/sbtmagellan.me\/wp-content\/uploads\/2023\/06\/image-2023-06-20T093646.211-scaled.jpg 1920w\" sizes=\"(max-width: 768px) 100vw, 768px\" \/>\t\t\t\t\t\t\t\t\t\t\t\t\t\t\t<\/div>\n\t\t\t\t<\/div>\n\t\t\t\t\t<\/div>\n\t\t<\/div>\n\t\t\t\t\t<\/div>\n\t\t<\/section>\n\t\t\t\t<\/div>","protected":false},"excerpt":{"rendered":"<p>Private Blue Cave Tour for up to 10 people Marinelo Eden 22 What is a better way to explore Montenegro and its highlights than to do it by a boat tour? No traffic, no heat just natural beauty and good vibes. Rezervi\u0161i turu Pogledaj ponudu After coming to our location(or getting picked up) our manager [&hellip;]<\/p>\n","protected":false},"author":1,"featured_media":0,"parent":0,"menu_order":0,"comment_status":"closed","ping_status":"closed","template":"","meta":{"footnotes":""},"class_list":["post-119","page","type-page","status-publish","hentry"],"_links":{"self":[{"href":"https:\/\/sbtmagellan.me\/es\/wp-json\/wp\/v2\/pages\/119","targetHints":{"allow":["GET"]}}],"collection":[{"href":"https:\/\/sbtmagellan.me\/es\/wp-json\/wp\/v2\/pages"}],"about":[{"href":"https:\/\/sbtmagellan.me\/es\/wp-json\/wp\/v2\/types\/page"}],"author":[{"embeddable":true,"href":"https:\/\/sbtmagellan.me\/es\/wp-json\/wp\/v2\/users\/1"}],"replies":[{"embeddable":true,"href":"https:\/\/sbtmagellan.me\/es\/wp-json\/wp\/v2\/comments?post=119"}],"version-history":[{"count":4,"href":"https:\/\/sbtmagellan.me\/es\/wp-json\/wp\/v2\/pages\/119\/revisions"}],"predecessor-version":[{"id":142,"href":"https:\/\/sbtmagellan.me\/es\/wp-json\/wp\/v2\/pages\/119\/revisions\/142"}],"wp:attachment":[{"href":"https:\/\/sbtmagellan.me\/es\/wp-json\/wp\/v2\/media?parent=119"}],"curies":[{"name":"wp","href":"https:\/\/api.w.org\/{rel}","templated":true}]}}