{"id":125,"date":"2023-06-20T17:13:15","date_gmt":"2023-06-20T17:13:15","guid":{"rendered":"https:\/\/sbtmagellan.me\/?page_id=125"},"modified":"2023-06-20T17:35:28","modified_gmt":"2023-06-20T17:35:28","slug":"blue-cave-tour-beach-time-for-up-to-6-people","status":"publish","type":"page","link":"https:\/\/sbtmagellan.me\/es\/blue-cave-tour-beach-time-for-up-to-6-people\/","title":{"rendered":"Blue Cave tour + Beach time for up to 6 people"},"content":{"rendered":"<div data-elementor-type=\"wp-page\" data-elementor-id=\"125\" class=\"elementor elementor-125\" data-elementor-post-type=\"page\">\n\t\t\t\t\t\t<section class=\"elementor-section elementor-top-section elementor-element elementor-element-4116df elementor-section-height-min-height elementor-section-boxed elementor-section-height-default elementor-section-items-middle\" data-id=\"4116df\" data-element_type=\"section\" data-e-type=\"section\" data-settings=\"{&quot;background_background&quot;:&quot;classic&quot;,&quot;shape_divider_bottom&quot;:&quot;waves&quot;}\">\n\t\t\t\t\t\t\t<div class=\"elementor-background-overlay\"><\/div>\n\t\t\t\t\t\t<div class=\"elementor-shape elementor-shape-bottom\" aria-hidden=\"true\" data-negative=\"false\">\n\t\t\t<svg xmlns=\"http:\/\/www.w3.org\/2000\/svg\" viewbox=\"0 0 1000 100\" preserveaspectratio=\"none\">\n\t<path class=\"elementor-shape-fill\" d=\"M421.9,6.5c22.6-2.5,51.5,0.4,75.5,5.3c23.6,4.9,70.9,23.5,100.5,35.7c75.8,32.2,133.7,44.5,192.6,49.7\tc23.6,2.1,48.7,3.5,103.4-2.5c54.7-6,106.2-25.6,106.2-25.6V0H0v30.3c0,0,72,32.6,158.4,30.5c39.2-0.7,92.8-6.7,134-22.4\tc21.2-8.1,52.2-18.2,79.7-24.2C399.3,7.9,411.6,7.5,421.9,6.5z\"\/>\n<\/svg>\t\t<\/div>\n\t\t\t\t\t<div class=\"elementor-container elementor-column-gap-default\">\n\t\t\t\t\t<div class=\"elementor-column elementor-col-50 elementor-top-column elementor-element elementor-element-124077bf\" data-id=\"124077bf\" data-element_type=\"column\" data-e-type=\"column\">\n\t\t\t<div class=\"elementor-widget-wrap elementor-element-populated\">\n\t\t\t\t\t\t<div class=\"elementor-element elementor-element-d6e2026 elementor-widget elementor-widget-heading\" data-id=\"d6e2026\" data-element_type=\"widget\" data-e-type=\"widget\" data-widget_type=\"heading.default\">\n\t\t\t\t<div class=\"elementor-widget-container\">\n\t\t\t\t\t<h1 class=\"elementor-heading-title elementor-size-default\">Blue Cave tour + Beach time for up to 6 people<\/h1>\t\t\t\t<\/div>\n\t\t\t\t<\/div>\n\t\t\t\t<div class=\"elementor-element elementor-element-3b424c55 elementor-widget elementor-widget-text-editor\" data-id=\"3b424c55\" data-element_type=\"widget\" data-e-type=\"widget\" data-widget_type=\"text-editor.default\">\n\t\t\t\t<div class=\"elementor-widget-container\">\n\t\t\t\t\t\t\t\t\t<p>\u00bfQu\u00e9 mejor manera de explorar Montenegro y sus aspectos m\u00e1s destacados que con un tour en barco? Sin tr\u00e1fico, sin calor, solo belleza natural y buen rollo.<\/p>\t\t\t\t\t\t\t\t<\/div>\n\t\t\t\t<\/div>\n\t\t\t\t<section class=\"elementor-section elementor-inner-section elementor-element elementor-element-40e7b06a elementor-section-boxed elementor-section-height-default elementor-section-height-default\" data-id=\"40e7b06a\" data-element_type=\"section\" data-e-type=\"section\">\n\t\t\t\t\t\t<div class=\"elementor-container elementor-column-gap-default\">\n\t\t\t\t\t<div class=\"elementor-column elementor-col-50 elementor-inner-column elementor-element elementor-element-43d9e4d3\" data-id=\"43d9e4d3\" data-element_type=\"column\" data-e-type=\"column\">\n\t\t\t<div class=\"elementor-widget-wrap elementor-element-populated\">\n\t\t\t\t\t\t<div class=\"elementor-element elementor-element-7be08ba8 elementor-widget elementor-widget-button\" data-id=\"7be08ba8\" data-element_type=\"widget\" data-e-type=\"widget\" data-widget_type=\"button.default\">\n\t\t\t\t<div class=\"elementor-widget-container\">\n\t\t\t\t\t\t\t\t\t<div class=\"elementor-button-wrapper\">\n\t\t\t\t\t<a class=\"elementor-button elementor-button-link elementor-size-md\" href=\"#\">\n\t\t\t\t\t\t<span class=\"elementor-button-content-wrapper\">\n\t\t\t\t\t\t\t\t\t<span class=\"elementor-button-text\">Rezervi\u0161i turu<\/span>\n\t\t\t\t\t<\/span>\n\t\t\t\t\t<\/a>\n\t\t\t\t<\/div>\n\t\t\t\t\t\t\t\t<\/div>\n\t\t\t\t<\/div>\n\t\t\t\t\t<\/div>\n\t\t<\/div>\n\t\t\t\t<div class=\"elementor-column elementor-col-50 elementor-inner-column elementor-element elementor-element-6ea47e2e\" data-id=\"6ea47e2e\" data-element_type=\"column\" data-e-type=\"column\">\n\t\t\t<div class=\"elementor-widget-wrap elementor-element-populated\">\n\t\t\t\t\t\t<div class=\"elementor-element elementor-element-3c01e173 elementor-widget__width-initial elementor-widget elementor-widget-button\" data-id=\"3c01e173\" data-element_type=\"widget\" data-e-type=\"widget\" data-widget_type=\"button.default\">\n\t\t\t\t<div class=\"elementor-widget-container\">\n\t\t\t\t\t\t\t\t\t<div class=\"elementor-button-wrapper\">\n\t\t\t\t\t<a class=\"elementor-button elementor-button-link elementor-size-md\" href=\"#\">\n\t\t\t\t\t\t<span class=\"elementor-button-content-wrapper\">\n\t\t\t\t\t\t<span class=\"elementor-button-icon\">\n\t\t\t\t<i aria-hidden=\"true\" class=\"fas fa-arrow-right\"><\/i>\t\t\t<\/span>\n\t\t\t\t\t\t\t\t\t<span class=\"elementor-button-text\">Pogledaj ponudu<\/span>\n\t\t\t\t\t<\/span>\n\t\t\t\t\t<\/a>\n\t\t\t\t<\/div>\n\t\t\t\t\t\t\t\t<\/div>\n\t\t\t\t<\/div>\n\t\t\t\t\t<\/div>\n\t\t<\/div>\n\t\t\t\t\t<\/div>\n\t\t<\/section>\n\t\t\t\t\t<\/div>\n\t\t<\/div>\n\t\t\t\t<div class=\"elementor-column elementor-col-50 elementor-top-column elementor-element elementor-element-1228e3ea\" data-id=\"1228e3ea\" data-element_type=\"column\" data-e-type=\"column\">\n\t\t\t<div class=\"elementor-widget-wrap\">\n\t\t\t\t\t\t\t<\/div>\n\t\t<\/div>\n\t\t\t\t\t<\/div>\n\t\t<\/section>\n\t\t\t\t<section class=\"elementor-section elementor-top-section elementor-element elementor-element-b26d4ce elementor-section-boxed elementor-section-height-default elementor-section-height-default\" data-id=\"b26d4ce\" data-element_type=\"section\" data-e-type=\"section\">\n\t\t\t\t\t\t<div class=\"elementor-container elementor-column-gap-default\">\n\t\t\t\t\t<div class=\"elementor-column elementor-col-100 elementor-top-column elementor-element elementor-element-d9aec50\" data-id=\"d9aec50\" data-element_type=\"column\" data-e-type=\"column\">\n\t\t\t<div class=\"elementor-widget-wrap elementor-element-populated\">\n\t\t\t\t\t\t<div class=\"elementor-element elementor-element-4f8618ab elementor-widget elementor-widget-text-editor\" data-id=\"4f8618ab\" data-element_type=\"widget\" data-e-type=\"widget\" data-widget_type=\"text-editor.default\">\n\t\t\t\t<div class=\"elementor-widget-container\">\n\t\t\t\t\t\t\t\t\t<p>After coming to our location(or getting picked up) our manager will proceed you to your boat and our skippers would be your tour guides and guardian angels for the next 3 hours. Our first stop is artficial Island called &#8220;Lady of the Rocks&#8221;. The church Our Lady of the Rocks is located at the same named island which is located in bay of Boka bay across the beautiful small and peaceful town Perast. This church was raised in 1630 on an artificial island, which was built by fishermen from Perast.\u00a0<\/p><p>According to a legend these fishermen after the shipwreck found on a sea rock an icon of Holy Mother of God with Christ and vowed that right on that spot where the icon was found they will build a church, which will be dedicated to this icon of the Holy Mother of God, protector of sailors and fishermen. That is one of the reasons why you&#8217;ll see more than 2000 silver plaques dedicated by local sailors and their family. The most precious gift that was ever given to the church is embroidery by a women named Jacinta Kunic which she did with her own hair for 25 years while waiting for her husband to come back .\u00a0<\/p><p>Many historical ornaments and the story itself makes this island the most visited in Montenegro. There you will have 20 minutes free to explore it and take some beautiful pictures and memories. Next on we will stop for a photo pause and explanation in Former Yugoslavian &#8220;Submarine Base&#8221;. It was used during the wars to hide submarines from the enemies. The former most secret place in Yugoslavia is now the most visited place in Montenegro. Our third location which is only possible to see by the boat since it is private resort now is a former prison island called &#8220;Mamula&#8221;.\u00a0<\/p><p>This island, which is devoted to historical events, is located at the entrance to the Bay of Kotor, between Herceg Novi and Lu\u0161tica. The fortress was built in the middle of the 19th century by Austro-Hungarian general Lazar Mamula. During the First and Second World War, the fortress was used as a prison, mostly for the ones who can&#8217;t swim so they can&#8217;t escape. Our forth location is the Blue Cave- the most beautiful natural phenomenon on the Montenegrin coast. This natural cave with a ceiling of 9 meters above sea level, takes the breath away to anyone who visits it. Through the incoming sunlight it enters its interior, and wraps around the surface of the water creating large shades of blue color by which the cave got its name. Here you will have 30minutes pause for swimming, taking photos or leisure.<\/p><p>\u00a0<\/p><p>After that we are going to our last but not least destination -BEACH ZANJICE which is one of our most popular beaches with cristal clear blue water where you will have 1hour for swimming.<\/p><p><strong><span style=\"color: #333399;\">NOTES:<\/span><\/strong> Since this is a private tour, you have the right to change the course of the route and also duration.<\/p>\t\t\t\t\t\t\t\t<\/div>\n\t\t\t\t<\/div>\n\t\t\t\t\t<\/div>\n\t\t<\/div>\n\t\t\t\t\t<\/div>\n\t\t<\/section>\n\t\t\t\t<section class=\"elementor-section elementor-top-section elementor-element elementor-element-aa5cad7 elementor-section-boxed elementor-section-height-default elementor-section-height-default\" data-id=\"aa5cad7\" data-element_type=\"section\" data-e-type=\"section\">\n\t\t\t\t\t\t<div class=\"elementor-container elementor-column-gap-default\">\n\t\t\t\t\t<div class=\"elementor-column elementor-col-50 elementor-top-column elementor-element elementor-element-30dc3f8d\" data-id=\"30dc3f8d\" data-element_type=\"column\" data-e-type=\"column\">\n\t\t\t<div class=\"elementor-widget-wrap elementor-element-populated\">\n\t\t\t\t\t\t<div class=\"elementor-element elementor-element-16d8a918 elementor-widget elementor-widget-heading\" data-id=\"16d8a918\" data-element_type=\"widget\" data-e-type=\"widget\" data-widget_type=\"heading.default\">\n\t\t\t\t<div class=\"elementor-widget-container\">\n\t\t\t\t\t<h2 class=\"elementor-heading-title elementor-size-default\">Inclusions:\n<\/h2>\t\t\t\t<\/div>\n\t\t\t\t<\/div>\n\t\t\t\t<div class=\"elementor-element elementor-element-1f6bd8a elementor-widget elementor-widget-text-editor\" data-id=\"1f6bd8a\" data-element_type=\"widget\" data-e-type=\"widget\" data-widget_type=\"text-editor.default\">\n\t\t\t\t<div class=\"elementor-widget-container\">\n\t\t\t\t\t\t\t\t\t<ul><li class=\"gmail-activity-inclusions__item gmail-activity-inclusions__item--inclusion\"><span class=\"gmail-activity-inclusions__test gmail-activity-inclusions__test--include\">Recogida y regreso al hotel.<\/span><\/li><li class=\"gmail-activity-inclusions__item gmail-activity-inclusions__item--inclusion\"><span class=\"gmail-activity-inclusions__test gmail-activity-inclusions__test--include\">conductor<\/span><\/li><li class=\"gmail-activity-inclusions__item gmail-activity-inclusions__item--inclusion\"><span class=\"gmail-activity-inclusions__test gmail-activity-inclusions__test--include\">Combustible<\/span><\/li><li class=\"gmail-activity-inclusions__item gmail-activity-inclusions__item--inclusion\"><span class=\"gmail-activity-inclusions__test gmail-activity-inclusions__test--include\">Bebidas<\/span><\/li><li class=\"gmail-activity-inclusions__item gmail-activity-inclusions__item--inclusion\"><span class=\"gmail-activity-inclusions__test gmail-activity-inclusions__test--include\">Chalecos salvavidas<\/span><\/li><li class=\"gmail-activity-inclusions__item gmail-activity-inclusions__item--inclusion\"><span class=\"gmail-activity-inclusions__test gmail-activity-inclusions__test--include\">Impermeable (en caso de lluvia)<\/span><\/li><li class=\"gmail-activity-inclusions__item gmail-activity-inclusions__item--inclusion\"><span class=\"gmail-activity-inclusions__test gmail-activity-inclusions__test--include\">Wi-Fi gratis<\/span><\/li><\/ul>\t\t\t\t\t\t\t\t<\/div>\n\t\t\t\t<\/div>\n\t\t\t\t<div class=\"elementor-element elementor-element-10ec0ccf elementor-widget elementor-widget-heading\" data-id=\"10ec0ccf\" data-element_type=\"widget\" data-e-type=\"widget\" data-widget_type=\"heading.default\">\n\t\t\t\t<div class=\"elementor-widget-container\">\n\t\t\t\t\t<h2 class=\"elementor-heading-title elementor-size-default\">Exclusions:<\/h2>\t\t\t\t<\/div>\n\t\t\t\t<\/div>\n\t\t\t\t<div class=\"elementor-element elementor-element-3d96c2b8 elementor-widget elementor-widget-text-editor\" data-id=\"3d96c2b8\" data-element_type=\"widget\" data-e-type=\"widget\" data-widget_type=\"text-editor.default\">\n\t\t\t\t<div class=\"elementor-widget-container\">\n\t\t\t\t\t\t\t\t\t<ul><li class=\"gmail-activity-inclusions__item gmail-activity-inclusions__item--exclusion\"><span class=\"gmail-activity-inclusions__test gmail-activity-inclusions__test--exclude\">Entradas al museo<\/span><\/li><li class=\"gmail-activity-inclusions__item gmail-activity-inclusions__item--exclusion\"><span class=\"gmail-activity-inclusions__test gmail-activity-inclusions__test--exclude\">Costos personales<\/span><\/li><\/ul>\t\t\t\t\t\t\t\t<\/div>\n\t\t\t\t<\/div>\n\t\t\t\t<div class=\"elementor-element elementor-element-168286a elementor-widget elementor-widget-heading\" data-id=\"168286a\" data-element_type=\"widget\" data-e-type=\"widget\" data-widget_type=\"heading.default\">\n\t\t\t\t<div class=\"elementor-widget-container\">\n\t\t\t\t\t<h2 class=\"elementor-heading-title elementor-size-default\">Price: 450e per group<\/h2>\t\t\t\t<\/div>\n\t\t\t\t<\/div>\n\t\t\t\t<div class=\"elementor-element elementor-element-095d1ce elementor-widget elementor-widget-heading\" data-id=\"095d1ce\" data-element_type=\"widget\" data-e-type=\"widget\" data-widget_type=\"heading.default\">\n\t\t\t\t<div class=\"elementor-widget-container\">\n\t\t\t\t\t<h2 class=\"elementor-heading-title elementor-size-default\">Duration: 4 hours <\/h2>\t\t\t\t<\/div>\n\t\t\t\t<\/div>\n\t\t\t\t\t<\/div>\n\t\t<\/div>\n\t\t\t\t<div class=\"elementor-column elementor-col-50 elementor-top-column elementor-element elementor-element-6eb8e55a\" data-id=\"6eb8e55a\" data-element_type=\"column\" data-e-type=\"column\">\n\t\t\t<div class=\"elementor-widget-wrap elementor-element-populated\">\n\t\t\t\t\t\t<div class=\"elementor-element elementor-element-15175b0a elementor-widget elementor-widget-image\" data-id=\"15175b0a\" data-element_type=\"widget\" data-e-type=\"widget\" data-widget_type=\"image.default\">\n\t\t\t\t<div class=\"elementor-widget-container\">\n\t\t\t\t\t\t\t\t\t\t\t\t\t\t\t<img fetchpriority=\"high\" decoding=\"async\" width=\"800\" height=\"600\" src=\"https:\/\/sbtmagellan.me\/wp-content\/uploads\/2023\/06\/image-2023-06-20T093643.975-1024x768.jpg\" class=\"attachment-large size-large wp-image-97\" alt=\"\" srcset=\"https:\/\/sbtmagellan.me\/wp-content\/uploads\/2023\/06\/image-2023-06-20T093643.975-1024x768.jpg 1024w, https:\/\/sbtmagellan.me\/wp-content\/uploads\/2023\/06\/image-2023-06-20T093643.975-300x225.jpg 300w, https:\/\/sbtmagellan.me\/wp-content\/uploads\/2023\/06\/image-2023-06-20T093643.975-768x576.jpg 768w, https:\/\/sbtmagellan.me\/wp-content\/uploads\/2023\/06\/image-2023-06-20T093643.975-1536x1152.jpg 1536w, https:\/\/sbtmagellan.me\/wp-content\/uploads\/2023\/06\/image-2023-06-20T093643.975-2048x1536.jpg 2048w, https:\/\/sbtmagellan.me\/wp-content\/uploads\/2023\/06\/image-2023-06-20T093643.975-16x12.jpg 16w\" sizes=\"(max-width: 800px) 100vw, 800px\" \/>\t\t\t\t\t\t\t\t\t\t\t\t\t\t\t<\/div>\n\t\t\t\t<\/div>\n\t\t\t\t<div class=\"elementor-element elementor-element-672e7dd elementor-align-justify elementor-widget elementor-widget-button\" data-id=\"672e7dd\" data-element_type=\"widget\" data-e-type=\"widget\" data-widget_type=\"button.default\">\n\t\t\t\t<div class=\"elementor-widget-container\">\n\t\t\t\t\t\t\t\t\t<div class=\"elementor-button-wrapper\">\n\t\t\t\t\t<a class=\"elementor-button elementor-button-link elementor-size-md\" href=\"#\">\n\t\t\t\t\t\t<span class=\"elementor-button-content-wrapper\">\n\t\t\t\t\t\t\t\t\t<span class=\"elementor-button-text\">Rezervi\u0161i turu<\/span>\n\t\t\t\t\t<\/span>\n\t\t\t\t\t<\/a>\n\t\t\t\t<\/div>\n\t\t\t\t\t\t\t\t<\/div>\n\t\t\t\t<\/div>\n\t\t\t\t\t<\/div>\n\t\t<\/div>\n\t\t\t\t\t<\/div>\n\t\t<\/section>\n\t\t\t\t<\/div>","protected":false},"excerpt":{"rendered":"<p>Blue Cave tour + Beach time for up to 6 people What is a better way to explore Montenegro and its highlights than to do it by a boat tour? No traffic, no heat just natural beauty and good vibes. Rezervi\u0161i turu Pogledaj ponudu After coming to our location(or getting picked up) our manager will [&hellip;]<\/p>\n","protected":false},"author":1,"featured_media":0,"parent":0,"menu_order":0,"comment_status":"closed","ping_status":"closed","template":"","meta":{"footnotes":""},"class_list":["post-125","page","type-page","status-publish","hentry"],"_links":{"self":[{"href":"https:\/\/sbtmagellan.me\/es\/wp-json\/wp\/v2\/pages\/125","targetHints":{"allow":["GET"]}}],"collection":[{"href":"https:\/\/sbtmagellan.me\/es\/wp-json\/wp\/v2\/pages"}],"about":[{"href":"https:\/\/sbtmagellan.me\/es\/wp-json\/wp\/v2\/types\/page"}],"author":[{"embeddable":true,"href":"https:\/\/sbtmagellan.me\/es\/wp-json\/wp\/v2\/users\/1"}],"replies":[{"embeddable":true,"href":"https:\/\/sbtmagellan.me\/es\/wp-json\/wp\/v2\/comments?post=125"}],"version-history":[{"count":4,"href":"https:\/\/sbtmagellan.me\/es\/wp-json\/wp\/v2\/pages\/125\/revisions"}],"predecessor-version":[{"id":149,"href":"https:\/\/sbtmagellan.me\/es\/wp-json\/wp\/v2\/pages\/125\/revisions\/149"}],"wp:attachment":[{"href":"https:\/\/sbtmagellan.me\/es\/wp-json\/wp\/v2\/media?parent=125"}],"curies":[{"name":"wp","href":"https:\/\/api.w.org\/{rel}","templated":true}]}}