{"id":397,"date":"2023-06-27T21:43:22","date_gmt":"2023-06-27T21:43:22","guid":{"rendered":"https:\/\/sbtmagellan.me\/?page_id=397"},"modified":"2023-07-12T09:39:03","modified_gmt":"2023-07-12T09:39:03","slug":"landmarks","status":"publish","type":"page","link":"https:\/\/sbtmagellan.me\/es\/landmarks\/","title":{"rendered":"Lugares"},"content":{"rendered":"<div data-elementor-type=\"wp-page\" data-elementor-id=\"397\" class=\"elementor elementor-397\" data-elementor-post-type=\"page\">\n\t\t\t\t\t\t<section class=\"elementor-section elementor-top-section elementor-element elementor-element-5bf9ecfa elementor-section-height-min-height elementor-section-boxed elementor-section-height-default elementor-section-items-middle\" data-id=\"5bf9ecfa\" data-element_type=\"section\" data-e-type=\"section\" data-settings=\"{&quot;background_background&quot;:&quot;classic&quot;,&quot;shape_divider_bottom&quot;:&quot;waves&quot;}\">\n\t\t\t\t\t\t\t<div class=\"elementor-background-overlay\"><\/div>\n\t\t\t\t\t\t<div class=\"elementor-shape elementor-shape-bottom\" aria-hidden=\"true\" data-negative=\"false\">\n\t\t\t<svg xmlns=\"http:\/\/www.w3.org\/2000\/svg\" viewbox=\"0 0 1000 100\" preserveaspectratio=\"none\">\n\t<path class=\"elementor-shape-fill\" d=\"M421.9,6.5c22.6-2.5,51.5,0.4,75.5,5.3c23.6,4.9,70.9,23.5,100.5,35.7c75.8,32.2,133.7,44.5,192.6,49.7\tc23.6,2.1,48.7,3.5,103.4-2.5c54.7-6,106.2-25.6,106.2-25.6V0H0v30.3c0,0,72,32.6,158.4,30.5c39.2-0.7,92.8-6.7,134-22.4\tc21.2-8.1,52.2-18.2,79.7-24.2C399.3,7.9,411.6,7.5,421.9,6.5z\"\/>\n<\/svg>\t\t<\/div>\n\t\t\t\t\t<div class=\"elementor-container elementor-column-gap-default\">\n\t\t\t\t\t<div class=\"elementor-column elementor-col-50 elementor-top-column elementor-element elementor-element-53eac788\" data-id=\"53eac788\" data-element_type=\"column\" data-e-type=\"column\">\n\t\t\t<div class=\"elementor-widget-wrap elementor-element-populated\">\n\t\t\t\t\t\t<div class=\"elementor-element elementor-element-456b15a3 elementor-widget elementor-widget-heading\" data-id=\"456b15a3\" data-element_type=\"widget\" data-e-type=\"widget\" data-widget_type=\"heading.default\">\n\t\t\t\t<div class=\"elementor-widget-container\">\n\t\t\t\t\t<h1 class=\"elementor-heading-title elementor-size-default\">Lugares<\/h1>\t\t\t\t<\/div>\n\t\t\t\t<\/div>\n\t\t\t\t\t<\/div>\n\t\t<\/div>\n\t\t\t\t<div class=\"elementor-column elementor-col-50 elementor-top-column elementor-element elementor-element-51abc08\" data-id=\"51abc08\" data-element_type=\"column\" data-e-type=\"column\">\n\t\t\t<div class=\"elementor-widget-wrap\">\n\t\t\t\t\t\t\t<\/div>\n\t\t<\/div>\n\t\t\t\t\t<\/div>\n\t\t<\/section>\n\t\t\t\t<section class=\"elementor-section elementor-top-section elementor-element elementor-element-b59cf96 elementor-section-boxed elementor-section-height-default elementor-section-height-default\" data-id=\"b59cf96\" data-element_type=\"section\" data-e-type=\"section\">\n\t\t\t\t\t\t<div class=\"elementor-container elementor-column-gap-default\">\n\t\t\t\t\t<div class=\"elementor-column elementor-col-50 elementor-top-column elementor-element elementor-element-cd3bb82\" data-id=\"cd3bb82\" data-element_type=\"column\" data-e-type=\"column\">\n\t\t\t<div class=\"elementor-widget-wrap elementor-element-populated\">\n\t\t\t\t\t\t<div class=\"elementor-element elementor-element-b05506c elementor-widget elementor-widget-image\" data-id=\"b05506c\" data-element_type=\"widget\" data-e-type=\"widget\" data-widget_type=\"image.default\">\n\t\t\t\t<div class=\"elementor-widget-container\">\n\t\t\t\t\t\t\t\t\t\t\t\t\t\t\t<img fetchpriority=\"high\" decoding=\"async\" width=\"800\" height=\"533\" src=\"https:\/\/sbtmagellan.me\/wp-content\/uploads\/2023\/06\/modalperast-1024x682.jpg\" class=\"attachment-large size-large wp-image-443\" alt=\"\" srcset=\"https:\/\/sbtmagellan.me\/wp-content\/uploads\/2023\/06\/modalperast-1024x682.jpg 1024w, https:\/\/sbtmagellan.me\/wp-content\/uploads\/2023\/06\/modalperast-300x200.jpg 300w, https:\/\/sbtmagellan.me\/wp-content\/uploads\/2023\/06\/modalperast-768x512.jpg 768w, https:\/\/sbtmagellan.me\/wp-content\/uploads\/2023\/06\/modalperast-18x12.jpg 18w, https:\/\/sbtmagellan.me\/wp-content\/uploads\/2023\/06\/modalperast.jpg 1280w\" sizes=\"(max-width: 800px) 100vw, 800px\" \/>\t\t\t\t\t\t\t\t\t\t\t\t\t\t\t<\/div>\n\t\t\t\t<\/div>\n\t\t\t\t\t<\/div>\n\t\t<\/div>\n\t\t\t\t<div class=\"elementor-column elementor-col-50 elementor-top-column elementor-element elementor-element-3f23c96\" data-id=\"3f23c96\" data-element_type=\"column\" data-e-type=\"column\">\n\t\t\t<div class=\"elementor-widget-wrap elementor-element-populated\">\n\t\t\t\t\t\t<div class=\"elementor-element elementor-element-44dd2b9 elementor-widget elementor-widget-heading\" data-id=\"44dd2b9\" data-element_type=\"widget\" data-e-type=\"widget\" data-widget_type=\"heading.default\">\n\t\t\t\t<div class=\"elementor-widget-container\">\n\t\t\t\t\t<h2 class=\"elementor-heading-title elementor-size-default\">Perast<\/h2>\t\t\t\t<\/div>\n\t\t\t\t<\/div>\n\t\t\t\t<div class=\"elementor-element elementor-element-f03d99a elementor-widget elementor-widget-text-editor\" data-id=\"f03d99a\" data-element_type=\"widget\" data-e-type=\"widget\" data-widget_type=\"text-editor.default\">\n\t\t\t\t<div class=\"elementor-widget-container\">\n\t\t\t\t\t\t\t\t\t<div class=\"w3-center w3-padding\"><p id=\"modal-desc\" class=\"w3-margin w3-justify\">Esta isla, dedicada a los acontecimientos hist\u00f3ricos, se encuentra a la entrada de la bah\u00eda de Boka, entre Herceg Novi y Lu\u0161tica. La fortaleza fue construida a mediados del siglo XIX por el general austroh\u00fangaro Lazar Mamula. Durante la primera y la segunda guerra mundial, la fortaleza fue utilizada como prisi\u00f3n, principalmente para aquellos que no saben nadar y, por lo tanto, no pueden escapar. Ahora es un complejo privado.<\/p><\/div>\t\t\t\t\t\t\t\t<\/div>\n\t\t\t\t<\/div>\n\t\t\t\t\t<\/div>\n\t\t<\/div>\n\t\t\t\t\t<\/div>\n\t\t<\/section>\n\t\t\t\t<section class=\"elementor-section elementor-top-section elementor-element elementor-element-72bff9e elementor-section-boxed elementor-section-height-default elementor-section-height-default\" data-id=\"72bff9e\" data-element_type=\"section\" data-e-type=\"section\">\n\t\t\t\t\t\t<div class=\"elementor-container elementor-column-gap-default\">\n\t\t\t\t\t<div class=\"elementor-column elementor-col-50 elementor-top-column elementor-element elementor-element-24803b6\" data-id=\"24803b6\" data-element_type=\"column\" data-e-type=\"column\">\n\t\t\t<div class=\"elementor-widget-wrap elementor-element-populated\">\n\t\t\t\t\t\t<div class=\"elementor-element elementor-element-f933795 elementor-widget elementor-widget-image\" data-id=\"f933795\" data-element_type=\"widget\" data-e-type=\"widget\" data-widget_type=\"image.default\">\n\t\t\t\t<div class=\"elementor-widget-container\">\n\t\t\t\t\t\t\t\t\t\t\t\t\t\t\t<img decoding=\"async\" width=\"800\" height=\"452\" src=\"https:\/\/sbtmagellan.me\/wp-content\/uploads\/2023\/06\/modalourlady.jpg\" class=\"attachment-large size-large wp-image-442\" alt=\"\" srcset=\"https:\/\/sbtmagellan.me\/wp-content\/uploads\/2023\/06\/modalourlady.jpg 885w, https:\/\/sbtmagellan.me\/wp-content\/uploads\/2023\/06\/modalourlady-300x169.jpg 300w, https:\/\/sbtmagellan.me\/wp-content\/uploads\/2023\/06\/modalourlady-768x434.jpg 768w, https:\/\/sbtmagellan.me\/wp-content\/uploads\/2023\/06\/modalourlady-18x10.jpg 18w\" sizes=\"(max-width: 800px) 100vw, 800px\" \/>\t\t\t\t\t\t\t\t\t\t\t\t\t\t\t<\/div>\n\t\t\t\t<\/div>\n\t\t\t\t\t<\/div>\n\t\t<\/div>\n\t\t\t\t<div class=\"elementor-column elementor-col-50 elementor-top-column elementor-element elementor-element-5dcbfb0\" data-id=\"5dcbfb0\" data-element_type=\"column\" data-e-type=\"column\">\n\t\t\t<div class=\"elementor-widget-wrap elementor-element-populated\">\n\t\t\t\t\t\t<div class=\"elementor-element elementor-element-38cea53 elementor-widget elementor-widget-heading\" data-id=\"38cea53\" data-element_type=\"widget\" data-e-type=\"widget\" data-widget_type=\"heading.default\">\n\t\t\t\t<div class=\"elementor-widget-container\">\n\t\t\t\t\t<h2 class=\"elementor-heading-title elementor-size-default\">Nuestra Se\u00f1ora de las Rocas<\/h2>\t\t\t\t<\/div>\n\t\t\t\t<\/div>\n\t\t\t\t<div class=\"elementor-element elementor-element-85d5b7c elementor-widget elementor-widget-text-editor\" data-id=\"85d5b7c\" data-element_type=\"widget\" data-e-type=\"widget\" data-widget_type=\"text-editor.default\">\n\t\t\t\t<div class=\"elementor-widget-container\">\n\t\t\t\t\t\t\t\t\t<div class=\"w3-center w3-padding\"><div class=\"w3-center w3-padding\"><p id=\"modal-desc\" class=\"w3-margin w3-justify\">La iglesia \"Nuestra Se\u00f1ora de las Rocas\" se encuentra en la misma isla que se encuentra en la bah\u00eda de Boka, al otro lado de la hermosa y peque\u00f1a ciudad de Perast. Esta iglesia fue construida en 1630 en una isla artificial, construida por pescadores de Perast. Seg\u00fan una leyenda, despu\u00e9s del naufragio estos pescadores encontraron un icono de la Santa Madre de Dios con Cristo sobre una roca marina y juraron que en ese mismo lugar donde se encontr\u00f3 el icono construir\u00edan una iglesia, que estar\u00e1 dedicada a este icono de la Santa Madre de Dios, protectora de los marineros y pescadores. Esta es una de las razones por las que ver\u00e1s m\u00e1s de 2000 tejas de plata dedicadas por marineros locales y su familia. El regalo m\u00e1s preciado jam\u00e1s entregado a la iglesia es el bordado de una mujer llamada Jacinta Kunic que se hizo con el cabello durante 25 a\u00f1os mientras esperaba el regreso de su esposo. Muchos ornamentos hist\u00f3ricos y la propia historia hacen de esta isla la m\u00e1s visitada de Montenegro.<\/p><\/div><\/div>\t\t\t\t\t\t\t\t<\/div>\n\t\t\t\t<\/div>\n\t\t\t\t\t<\/div>\n\t\t<\/div>\n\t\t\t\t\t<\/div>\n\t\t<\/section>\n\t\t\t\t<section class=\"elementor-section elementor-top-section elementor-element elementor-element-8323a2e elementor-section-boxed elementor-section-height-default elementor-section-height-default\" data-id=\"8323a2e\" data-element_type=\"section\" data-e-type=\"section\">\n\t\t\t\t\t\t<div class=\"elementor-container elementor-column-gap-default\">\n\t\t\t\t\t<div class=\"elementor-column elementor-col-50 elementor-top-column elementor-element elementor-element-4a83b77\" data-id=\"4a83b77\" data-element_type=\"column\" data-e-type=\"column\">\n\t\t\t<div class=\"elementor-widget-wrap elementor-element-populated\">\n\t\t\t\t\t\t<div class=\"elementor-element elementor-element-68c9534 elementor-widget elementor-widget-image\" data-id=\"68c9534\" data-element_type=\"widget\" data-e-type=\"widget\" data-widget_type=\"image.default\">\n\t\t\t\t<div class=\"elementor-widget-container\">\n\t\t\t\t\t\t\t\t\t\t\t\t\t\t\t<img decoding=\"async\" width=\"800\" height=\"534\" src=\"https:\/\/sbtmagellan.me\/wp-content\/uploads\/2023\/06\/modalmamula.jpg\" class=\"attachment-large size-large wp-image-441\" alt=\"\" srcset=\"https:\/\/sbtmagellan.me\/wp-content\/uploads\/2023\/06\/modalmamula.jpg 1024w, https:\/\/sbtmagellan.me\/wp-content\/uploads\/2023\/06\/modalmamula-300x200.jpg 300w, https:\/\/sbtmagellan.me\/wp-content\/uploads\/2023\/06\/modalmamula-768x513.jpg 768w, https:\/\/sbtmagellan.me\/wp-content\/uploads\/2023\/06\/modalmamula-18x12.jpg 18w\" sizes=\"(max-width: 800px) 100vw, 800px\" \/>\t\t\t\t\t\t\t\t\t\t\t\t\t\t\t<\/div>\n\t\t\t\t<\/div>\n\t\t\t\t\t<\/div>\n\t\t<\/div>\n\t\t\t\t<div class=\"elementor-column elementor-col-50 elementor-top-column elementor-element elementor-element-9fef537\" data-id=\"9fef537\" data-element_type=\"column\" data-e-type=\"column\">\n\t\t\t<div class=\"elementor-widget-wrap elementor-element-populated\">\n\t\t\t\t\t\t<div class=\"elementor-element elementor-element-9c3b76d elementor-widget elementor-widget-heading\" data-id=\"9c3b76d\" data-element_type=\"widget\" data-e-type=\"widget\" data-widget_type=\"heading.default\">\n\t\t\t\t<div class=\"elementor-widget-container\">\n\t\t\t\t\t<h2 class=\"elementor-heading-title elementor-size-default\">Isla MAMULA<\/h2>\t\t\t\t<\/div>\n\t\t\t\t<\/div>\n\t\t\t\t<div class=\"elementor-element elementor-element-c012f98 elementor-widget elementor-widget-text-editor\" data-id=\"c012f98\" data-element_type=\"widget\" data-e-type=\"widget\" data-widget_type=\"text-editor.default\">\n\t\t\t\t<div class=\"elementor-widget-container\">\n\t\t\t\t\t\t\t\t\t<div class=\"w3-center w3-padding\"><p dir=\"auto\">\u00a0Esta isla, dedicada a los acontecimientos hist\u00f3ricos, se encuentra a la entrada de la bah\u00eda de Boka, entre Herceg Novi y Lu\u0161tica. La fortaleza fue construida a mediados del siglo XIX por el general austroh\u00fangaro Lazar Mamula. Durante la primera y la segunda guerra mundial, la fortaleza fue utilizada como prisi\u00f3n, principalmente para aquellos que no saben nadar y, por lo tanto, no pueden escapar. Ahora es un complejo privado.<\/p><\/div>\t\t\t\t\t\t\t\t<\/div>\n\t\t\t\t<\/div>\n\t\t\t\t\t<\/div>\n\t\t<\/div>\n\t\t\t\t\t<\/div>\n\t\t<\/section>\n\t\t\t\t<section class=\"elementor-section elementor-top-section elementor-element elementor-element-32dd6cf elementor-section-boxed elementor-section-height-default elementor-section-height-default\" data-id=\"32dd6cf\" data-element_type=\"section\" data-e-type=\"section\">\n\t\t\t\t\t\t<div class=\"elementor-container elementor-column-gap-default\">\n\t\t\t\t\t<div class=\"elementor-column elementor-col-50 elementor-top-column elementor-element elementor-element-eb106aa\" data-id=\"eb106aa\" data-element_type=\"column\" data-e-type=\"column\">\n\t\t\t<div class=\"elementor-widget-wrap elementor-element-populated\">\n\t\t\t\t\t\t<div class=\"elementor-element elementor-element-4a226f2 elementor-widget elementor-widget-image\" data-id=\"4a226f2\" data-element_type=\"widget\" data-e-type=\"widget\" data-widget_type=\"image.default\">\n\t\t\t\t<div class=\"elementor-widget-container\">\n\t\t\t\t\t\t\t\t\t\t\t\t\t\t\t<img loading=\"lazy\" decoding=\"async\" width=\"800\" height=\"600\" src=\"https:\/\/sbtmagellan.me\/wp-content\/uploads\/2023\/06\/image-2023-06-26T235644.169-1024x768.jpg\" class=\"attachment-large size-large wp-image-326\" alt=\"\" srcset=\"https:\/\/sbtmagellan.me\/wp-content\/uploads\/2023\/06\/image-2023-06-26T235644.169-1024x768.jpg 1024w, https:\/\/sbtmagellan.me\/wp-content\/uploads\/2023\/06\/image-2023-06-26T235644.169-300x225.jpg 300w, https:\/\/sbtmagellan.me\/wp-content\/uploads\/2023\/06\/image-2023-06-26T235644.169-768x576.jpg 768w, https:\/\/sbtmagellan.me\/wp-content\/uploads\/2023\/06\/image-2023-06-26T235644.169-1536x1152.jpg 1536w, https:\/\/sbtmagellan.me\/wp-content\/uploads\/2023\/06\/image-2023-06-26T235644.169-2048x1536.jpg 2048w, https:\/\/sbtmagellan.me\/wp-content\/uploads\/2023\/06\/image-2023-06-26T235644.169-16x12.jpg 16w\" sizes=\"(max-width: 800px) 100vw, 800px\" \/>\t\t\t\t\t\t\t\t\t\t\t\t\t\t\t<\/div>\n\t\t\t\t<\/div>\n\t\t\t\t\t<\/div>\n\t\t<\/div>\n\t\t\t\t<div class=\"elementor-column elementor-col-50 elementor-top-column elementor-element elementor-element-b081b62\" data-id=\"b081b62\" data-element_type=\"column\" data-e-type=\"column\">\n\t\t\t<div class=\"elementor-widget-wrap elementor-element-populated\">\n\t\t\t\t\t\t<div class=\"elementor-element elementor-element-c900ea6 elementor-widget elementor-widget-heading\" data-id=\"c900ea6\" data-element_type=\"widget\" data-e-type=\"widget\" data-widget_type=\"heading.default\">\n\t\t\t\t<div class=\"elementor-widget-container\">\n\t\t\t\t\t<h2 class=\"elementor-heading-title elementor-size-default\">Cueva azul<\/h2>\t\t\t\t<\/div>\n\t\t\t\t<\/div>\n\t\t\t\t<div class=\"elementor-element elementor-element-c32a7d7 elementor-widget elementor-widget-text-editor\" data-id=\"c32a7d7\" data-element_type=\"widget\" data-e-type=\"widget\" data-widget_type=\"text-editor.default\">\n\t\t\t\t<div class=\"elementor-widget-container\">\n\t\t\t\t\t\t\t\t\t<div class=\"w3-center w3-padding\"><div class=\"w3-center w3-padding\"><p id=\"modal-desc\" class=\"w3-margin w3-justify\">El fen\u00f3meno natural m\u00e1s bello de la costa montenegrina.\nEsta cueva natural con un techo de 9 metros sobre el nivel del mar, deja sin aliento a cualquiera que la visite. A trav\u00e9s de la luz del sol que entra entra en su interior y envuelve la superficie del agua creando grandes tonos de color azul del que la cueva toma su nombre.<\/p><\/div><\/div>\t\t\t\t\t\t\t\t<\/div>\n\t\t\t\t<\/div>\n\t\t\t\t\t<\/div>\n\t\t<\/div>\n\t\t\t\t\t<\/div>\n\t\t<\/section>\n\t\t\t\t<section class=\"elementor-section elementor-top-section elementor-element elementor-element-95b9411 elementor-section-boxed elementor-section-height-default elementor-section-height-default\" data-id=\"95b9411\" data-element_type=\"section\" data-e-type=\"section\">\n\t\t\t\t\t\t<div class=\"elementor-container elementor-column-gap-default\">\n\t\t\t\t\t<div class=\"elementor-column elementor-col-50 elementor-top-column elementor-element elementor-element-e7a7fd5\" data-id=\"e7a7fd5\" data-element_type=\"column\" data-e-type=\"column\">\n\t\t\t<div class=\"elementor-widget-wrap elementor-element-populated\">\n\t\t\t\t\t\t<div class=\"elementor-element elementor-element-5157ce4 elementor-widget elementor-widget-image\" data-id=\"5157ce4\" data-element_type=\"widget\" data-e-type=\"widget\" data-widget_type=\"image.default\">\n\t\t\t\t<div class=\"elementor-widget-container\">\n\t\t\t\t\t\t\t\t\t\t\t\t\t\t\t<img loading=\"lazy\" decoding=\"async\" width=\"800\" height=\"586\" src=\"https:\/\/sbtmagellan.me\/wp-content\/uploads\/2023\/06\/modalsubbase-1024x750.jpg\" class=\"attachment-large size-large wp-image-444\" alt=\"\" srcset=\"https:\/\/sbtmagellan.me\/wp-content\/uploads\/2023\/06\/modalsubbase-1024x750.jpg 1024w, https:\/\/sbtmagellan.me\/wp-content\/uploads\/2023\/06\/modalsubbase-300x220.jpg 300w, https:\/\/sbtmagellan.me\/wp-content\/uploads\/2023\/06\/modalsubbase-768x563.jpg 768w, https:\/\/sbtmagellan.me\/wp-content\/uploads\/2023\/06\/modalsubbase-16x12.jpg 16w, https:\/\/sbtmagellan.me\/wp-content\/uploads\/2023\/06\/modalsubbase.jpg 1170w\" sizes=\"(max-width: 800px) 100vw, 800px\" \/>\t\t\t\t\t\t\t\t\t\t\t\t\t\t\t<\/div>\n\t\t\t\t<\/div>\n\t\t\t\t\t<\/div>\n\t\t<\/div>\n\t\t\t\t<div class=\"elementor-column elementor-col-50 elementor-top-column elementor-element elementor-element-a2eb5c2\" data-id=\"a2eb5c2\" data-element_type=\"column\" data-e-type=\"column\">\n\t\t\t<div class=\"elementor-widget-wrap elementor-element-populated\">\n\t\t\t\t\t\t<div class=\"elementor-element elementor-element-458c996 elementor-widget elementor-widget-heading\" data-id=\"458c996\" data-element_type=\"widget\" data-e-type=\"widget\" data-widget_type=\"heading.default\">\n\t\t\t\t<div class=\"elementor-widget-container\">\n\t\t\t\t\t<h2 class=\"elementor-heading-title elementor-size-default\">Antigua \"base de submarinos\" de Yugoslavia.\n\n<\/h2>\t\t\t\t<\/div>\n\t\t\t\t<\/div>\n\t\t\t\t<div class=\"elementor-element elementor-element-8c635ad elementor-widget elementor-widget-text-editor\" data-id=\"8c635ad\" data-element_type=\"widget\" data-e-type=\"widget\" data-widget_type=\"text-editor.default\">\n\t\t\t\t<div class=\"elementor-widget-container\">\n\t\t\t\t\t\t\t\t\t<div class=\"w3-center w3-padding\"><div class=\"w3-center w3-padding\"><p id=\"modal-desc\" class=\"w3-margin w3-justify\">Se utiliz\u00f3 durante las guerras para ocultar los submarinos de los enemigos. El antiguo lugar m\u00e1s secreto de Yugoslavia es ahora el lugar m\u00e1s visitado de Montenegro.<\/p><\/div><\/div>\t\t\t\t\t\t\t\t<\/div>\n\t\t\t\t<\/div>\n\t\t\t\t\t<\/div>\n\t\t<\/div>\n\t\t\t\t\t<\/div>\n\t\t<\/section>\n\t\t\t\t<\/div>","protected":false},"excerpt":{"rendered":"<p>Landmarks Perast Perast is a marvelous small gulf town with a rich maritime past, series of baroque palacies, churches and two islands which are story for itselves. Since 1979 Perast is a part of Unesco World heritage and while being there you will be able to see marks of Venetian ocupation which lasted for 377 [&hellip;]<\/p>\n","protected":false},"author":1,"featured_media":0,"parent":0,"menu_order":0,"comment_status":"closed","ping_status":"closed","template":"","meta":{"footnotes":""},"class_list":["post-397","page","type-page","status-publish","hentry"],"_links":{"self":[{"href":"https:\/\/sbtmagellan.me\/es\/wp-json\/wp\/v2\/pages\/397","targetHints":{"allow":["GET"]}}],"collection":[{"href":"https:\/\/sbtmagellan.me\/es\/wp-json\/wp\/v2\/pages"}],"about":[{"href":"https:\/\/sbtmagellan.me\/es\/wp-json\/wp\/v2\/types\/page"}],"author":[{"embeddable":true,"href":"https:\/\/sbtmagellan.me\/es\/wp-json\/wp\/v2\/users\/1"}],"replies":[{"embeddable":true,"href":"https:\/\/sbtmagellan.me\/es\/wp-json\/wp\/v2\/comments?post=397"}],"version-history":[{"count":16,"href":"https:\/\/sbtmagellan.me\/es\/wp-json\/wp\/v2\/pages\/397\/revisions"}],"predecessor-version":[{"id":514,"href":"https:\/\/sbtmagellan.me\/es\/wp-json\/wp\/v2\/pages\/397\/revisions\/514"}],"wp:attachment":[{"href":"https:\/\/sbtmagellan.me\/es\/wp-json\/wp\/v2\/media?parent=397"}],"curies":[{"name":"wp","href":"https:\/\/api.w.org\/{rel}","templated":true}]}}