{"id":397,"date":"2023-06-27T21:43:22","date_gmt":"2023-06-27T21:43:22","guid":{"rendered":"https:\/\/sbtmagellan.me\/?page_id=397"},"modified":"2023-07-12T09:39:03","modified_gmt":"2023-07-12T09:39:03","slug":"landmarks","status":"publish","type":"page","link":"https:\/\/sbtmagellan.me\/it\/landmarks\/","title":{"rendered":"Posti"},"content":{"rendered":"<div data-elementor-type=\"wp-page\" data-elementor-id=\"397\" class=\"elementor elementor-397\" data-elementor-post-type=\"page\">\n\t\t\t\t\t\t<section class=\"elementor-section elementor-top-section elementor-element elementor-element-5bf9ecfa elementor-section-height-min-height elementor-section-boxed elementor-section-height-default elementor-section-items-middle\" data-id=\"5bf9ecfa\" data-element_type=\"section\" data-e-type=\"section\" data-settings=\"{&quot;background_background&quot;:&quot;classic&quot;,&quot;shape_divider_bottom&quot;:&quot;waves&quot;}\">\n\t\t\t\t\t\t\t<div class=\"elementor-background-overlay\"><\/div>\n\t\t\t\t\t\t<div class=\"elementor-shape elementor-shape-bottom\" aria-hidden=\"true\" data-negative=\"false\">\n\t\t\t<svg xmlns=\"http:\/\/www.w3.org\/2000\/svg\" viewbox=\"0 0 1000 100\" preserveaspectratio=\"none\">\n\t<path class=\"elementor-shape-fill\" d=\"M421.9,6.5c22.6-2.5,51.5,0.4,75.5,5.3c23.6,4.9,70.9,23.5,100.5,35.7c75.8,32.2,133.7,44.5,192.6,49.7\tc23.6,2.1,48.7,3.5,103.4-2.5c54.7-6,106.2-25.6,106.2-25.6V0H0v30.3c0,0,72,32.6,158.4,30.5c39.2-0.7,92.8-6.7,134-22.4\tc21.2-8.1,52.2-18.2,79.7-24.2C399.3,7.9,411.6,7.5,421.9,6.5z\"\/>\n<\/svg>\t\t<\/div>\n\t\t\t\t\t<div class=\"elementor-container elementor-column-gap-default\">\n\t\t\t\t\t<div class=\"elementor-column elementor-col-50 elementor-top-column elementor-element elementor-element-53eac788\" data-id=\"53eac788\" data-element_type=\"column\" data-e-type=\"column\">\n\t\t\t<div class=\"elementor-widget-wrap elementor-element-populated\">\n\t\t\t\t\t\t<div class=\"elementor-element elementor-element-456b15a3 elementor-widget elementor-widget-heading\" data-id=\"456b15a3\" data-element_type=\"widget\" data-e-type=\"widget\" data-widget_type=\"heading.default\">\n\t\t\t\t<div class=\"elementor-widget-container\">\n\t\t\t\t\t<h1 class=\"elementor-heading-title elementor-size-default\">Posti<\/h1>\t\t\t\t<\/div>\n\t\t\t\t<\/div>\n\t\t\t\t\t<\/div>\n\t\t<\/div>\n\t\t\t\t<div class=\"elementor-column elementor-col-50 elementor-top-column elementor-element elementor-element-51abc08\" data-id=\"51abc08\" data-element_type=\"column\" data-e-type=\"column\">\n\t\t\t<div class=\"elementor-widget-wrap\">\n\t\t\t\t\t\t\t<\/div>\n\t\t<\/div>\n\t\t\t\t\t<\/div>\n\t\t<\/section>\n\t\t\t\t<section class=\"elementor-section elementor-top-section elementor-element elementor-element-b59cf96 elementor-section-boxed elementor-section-height-default elementor-section-height-default\" data-id=\"b59cf96\" data-element_type=\"section\" data-e-type=\"section\">\n\t\t\t\t\t\t<div class=\"elementor-container elementor-column-gap-default\">\n\t\t\t\t\t<div class=\"elementor-column elementor-col-50 elementor-top-column elementor-element elementor-element-cd3bb82\" data-id=\"cd3bb82\" data-element_type=\"column\" data-e-type=\"column\">\n\t\t\t<div class=\"elementor-widget-wrap elementor-element-populated\">\n\t\t\t\t\t\t<div class=\"elementor-element elementor-element-b05506c elementor-widget elementor-widget-image\" data-id=\"b05506c\" data-element_type=\"widget\" data-e-type=\"widget\" data-widget_type=\"image.default\">\n\t\t\t\t<div class=\"elementor-widget-container\">\n\t\t\t\t\t\t\t\t\t\t\t\t\t\t\t<img fetchpriority=\"high\" decoding=\"async\" width=\"800\" height=\"533\" src=\"https:\/\/sbtmagellan.me\/wp-content\/uploads\/2023\/06\/modalperast-1024x682.jpg\" class=\"attachment-large size-large wp-image-443\" alt=\"\" srcset=\"https:\/\/sbtmagellan.me\/wp-content\/uploads\/2023\/06\/modalperast-1024x682.jpg 1024w, https:\/\/sbtmagellan.me\/wp-content\/uploads\/2023\/06\/modalperast-300x200.jpg 300w, https:\/\/sbtmagellan.me\/wp-content\/uploads\/2023\/06\/modalperast-768x512.jpg 768w, https:\/\/sbtmagellan.me\/wp-content\/uploads\/2023\/06\/modalperast-18x12.jpg 18w, https:\/\/sbtmagellan.me\/wp-content\/uploads\/2023\/06\/modalperast.jpg 1280w\" sizes=\"(max-width: 800px) 100vw, 800px\" \/>\t\t\t\t\t\t\t\t\t\t\t\t\t\t\t<\/div>\n\t\t\t\t<\/div>\n\t\t\t\t\t<\/div>\n\t\t<\/div>\n\t\t\t\t<div class=\"elementor-column elementor-col-50 elementor-top-column elementor-element elementor-element-3f23c96\" data-id=\"3f23c96\" data-element_type=\"column\" data-e-type=\"column\">\n\t\t\t<div class=\"elementor-widget-wrap elementor-element-populated\">\n\t\t\t\t\t\t<div class=\"elementor-element elementor-element-44dd2b9 elementor-widget elementor-widget-heading\" data-id=\"44dd2b9\" data-element_type=\"widget\" data-e-type=\"widget\" data-widget_type=\"heading.default\">\n\t\t\t\t<div class=\"elementor-widget-container\">\n\t\t\t\t\t<h2 class=\"elementor-heading-title elementor-size-default\">Perast<\/h2>\t\t\t\t<\/div>\n\t\t\t\t<\/div>\n\t\t\t\t<div class=\"elementor-element elementor-element-f03d99a elementor-widget elementor-widget-text-editor\" data-id=\"f03d99a\" data-element_type=\"widget\" data-e-type=\"widget\" data-widget_type=\"text-editor.default\">\n\t\t\t\t<div class=\"elementor-widget-container\">\n\t\t\t\t\t\t\t\t\t<div class=\"w3-center w3-padding\"><p id=\"modal-desc\" class=\"w3-margin w3-justify\">Perast \u00e8 una meravigliosa piccola citt\u00e0 del golfo con un ricco passato marittimo, una serie di palazzi barocchi, chiese e due isole che sono la storia per se stessi. Dal 1979 Perast fa parte del patrimonio mondiale dell'Unesco e pur essendo l\u00ec si potranno vedere i segni dell'imperio veneziana che dur\u00f2 per 377 anni. Dato che l'intera baia \u00e8 stata creata dall'erosione fluviale, assisterai a numerose fattorie di cozze e sarai in grado di provarli nei ristoranti locali. Insieme alle bevande locali come il vino nero chiamato \"Vranac\", la rakija e la famosa birra \"Niksicko\". Se sei pronto per essere travolto dai tuoi piedi, prenota questo escursione e scopri perch\u00e9 Perast \u00e8 il numero uno da visitare mentre si trova in Montenegro<\/p><\/div>\t\t\t\t\t\t\t\t<\/div>\n\t\t\t\t<\/div>\n\t\t\t\t\t<\/div>\n\t\t<\/div>\n\t\t\t\t\t<\/div>\n\t\t<\/section>\n\t\t\t\t<section class=\"elementor-section elementor-top-section elementor-element elementor-element-72bff9e elementor-section-boxed elementor-section-height-default elementor-section-height-default\" data-id=\"72bff9e\" data-element_type=\"section\" data-e-type=\"section\">\n\t\t\t\t\t\t<div class=\"elementor-container elementor-column-gap-default\">\n\t\t\t\t\t<div class=\"elementor-column elementor-col-50 elementor-top-column elementor-element elementor-element-24803b6\" data-id=\"24803b6\" data-element_type=\"column\" data-e-type=\"column\">\n\t\t\t<div class=\"elementor-widget-wrap elementor-element-populated\">\n\t\t\t\t\t\t<div class=\"elementor-element elementor-element-f933795 elementor-widget elementor-widget-image\" data-id=\"f933795\" data-element_type=\"widget\" data-e-type=\"widget\" data-widget_type=\"image.default\">\n\t\t\t\t<div class=\"elementor-widget-container\">\n\t\t\t\t\t\t\t\t\t\t\t\t\t\t\t<img decoding=\"async\" width=\"800\" height=\"452\" src=\"https:\/\/sbtmagellan.me\/wp-content\/uploads\/2023\/06\/modalourlady.jpg\" class=\"attachment-large size-large wp-image-442\" alt=\"\" srcset=\"https:\/\/sbtmagellan.me\/wp-content\/uploads\/2023\/06\/modalourlady.jpg 885w, https:\/\/sbtmagellan.me\/wp-content\/uploads\/2023\/06\/modalourlady-300x169.jpg 300w, https:\/\/sbtmagellan.me\/wp-content\/uploads\/2023\/06\/modalourlady-768x434.jpg 768w, https:\/\/sbtmagellan.me\/wp-content\/uploads\/2023\/06\/modalourlady-18x10.jpg 18w\" sizes=\"(max-width: 800px) 100vw, 800px\" \/>\t\t\t\t\t\t\t\t\t\t\t\t\t\t\t<\/div>\n\t\t\t\t<\/div>\n\t\t\t\t\t<\/div>\n\t\t<\/div>\n\t\t\t\t<div class=\"elementor-column elementor-col-50 elementor-top-column elementor-element elementor-element-5dcbfb0\" data-id=\"5dcbfb0\" data-element_type=\"column\" data-e-type=\"column\">\n\t\t\t<div class=\"elementor-widget-wrap elementor-element-populated\">\n\t\t\t\t\t\t<div class=\"elementor-element elementor-element-38cea53 elementor-widget elementor-widget-heading\" data-id=\"38cea53\" data-element_type=\"widget\" data-e-type=\"widget\" data-widget_type=\"heading.default\">\n\t\t\t\t<div class=\"elementor-widget-container\">\n\t\t\t\t\t<h2 class=\"elementor-heading-title elementor-size-default\">Nostra signora delle Rocce<\/h2>\t\t\t\t<\/div>\n\t\t\t\t<\/div>\n\t\t\t\t<div class=\"elementor-element elementor-element-85d5b7c elementor-widget elementor-widget-text-editor\" data-id=\"85d5b7c\" data-element_type=\"widget\" data-e-type=\"widget\" data-widget_type=\"text-editor.default\">\n\t\t\t\t<div class=\"elementor-widget-container\">\n\t\t\t\t\t\t\t\t\t<div class=\"w3-center w3-padding\"><div class=\"w3-center w3-padding\"><p id=\"modal-desc\" class=\"w3-margin w3-justify\">La chiesa \"Nostra Signora delle Rocce\" si trova nella stessa isola che si trova nella baia di Boka attraverso la bellissima e piccola citt\u00e0 Perast. Questa chiesa fu costruita nel 1630 su un'isola artificiale, costruita dai pescatori di Perast. Secondo una leggenda questi pescatori dopo il naufragio hanno trovato su una roccia marina un'icona di Santa Madre di Dio con Cristo e hanno giurato che proprio in quel punto dove \u00e8 stata trovata l'icona costruiranno una chiesa, che sar\u00e0 dedicata a questa icona del Santa Madre di Dio, protettrice di marinai e pescatori. Questo \u00e8 uno dei motivi per cui vedrai pi\u00f9 di 2000 piastrelle d'argento dedicate dai marinai locali e dalla loro famiglia. Il dono pi\u00f9 prezioso che sia mai stato dato alla chiesa \u00e8 il ricamo di una donna di nome Jacinta Kunic che ha fatto con i suoi capelli per 25 anni mentre aspettava che suo marito tornasse. Molti ornamenti storici e la storia stessa rendono questa isola la pi\u00f9 visitata in Montenegro<\/p><\/div><\/div>\t\t\t\t\t\t\t\t<\/div>\n\t\t\t\t<\/div>\n\t\t\t\t\t<\/div>\n\t\t<\/div>\n\t\t\t\t\t<\/div>\n\t\t<\/section>\n\t\t\t\t<section class=\"elementor-section elementor-top-section elementor-element elementor-element-8323a2e elementor-section-boxed elementor-section-height-default elementor-section-height-default\" data-id=\"8323a2e\" data-element_type=\"section\" data-e-type=\"section\">\n\t\t\t\t\t\t<div class=\"elementor-container elementor-column-gap-default\">\n\t\t\t\t\t<div class=\"elementor-column elementor-col-50 elementor-top-column elementor-element elementor-element-4a83b77\" data-id=\"4a83b77\" data-element_type=\"column\" data-e-type=\"column\">\n\t\t\t<div class=\"elementor-widget-wrap elementor-element-populated\">\n\t\t\t\t\t\t<div class=\"elementor-element elementor-element-68c9534 elementor-widget elementor-widget-image\" data-id=\"68c9534\" data-element_type=\"widget\" data-e-type=\"widget\" data-widget_type=\"image.default\">\n\t\t\t\t<div class=\"elementor-widget-container\">\n\t\t\t\t\t\t\t\t\t\t\t\t\t\t\t<img decoding=\"async\" width=\"800\" height=\"534\" src=\"https:\/\/sbtmagellan.me\/wp-content\/uploads\/2023\/06\/modalmamula.jpg\" class=\"attachment-large size-large wp-image-441\" alt=\"\" srcset=\"https:\/\/sbtmagellan.me\/wp-content\/uploads\/2023\/06\/modalmamula.jpg 1024w, https:\/\/sbtmagellan.me\/wp-content\/uploads\/2023\/06\/modalmamula-300x200.jpg 300w, https:\/\/sbtmagellan.me\/wp-content\/uploads\/2023\/06\/modalmamula-768x513.jpg 768w, https:\/\/sbtmagellan.me\/wp-content\/uploads\/2023\/06\/modalmamula-18x12.jpg 18w\" sizes=\"(max-width: 800px) 100vw, 800px\" \/>\t\t\t\t\t\t\t\t\t\t\t\t\t\t\t<\/div>\n\t\t\t\t<\/div>\n\t\t\t\t\t<\/div>\n\t\t<\/div>\n\t\t\t\t<div class=\"elementor-column elementor-col-50 elementor-top-column elementor-element elementor-element-9fef537\" data-id=\"9fef537\" data-element_type=\"column\" data-e-type=\"column\">\n\t\t\t<div class=\"elementor-widget-wrap elementor-element-populated\">\n\t\t\t\t\t\t<div class=\"elementor-element elementor-element-9c3b76d elementor-widget elementor-widget-heading\" data-id=\"9c3b76d\" data-element_type=\"widget\" data-e-type=\"widget\" data-widget_type=\"heading.default\">\n\t\t\t\t<div class=\"elementor-widget-container\">\n\t\t\t\t\t<h2 class=\"elementor-heading-title elementor-size-default\">Isola MAMULA<\/h2>\t\t\t\t<\/div>\n\t\t\t\t<\/div>\n\t\t\t\t<div class=\"elementor-element elementor-element-c012f98 elementor-widget elementor-widget-text-editor\" data-id=\"c012f98\" data-element_type=\"widget\" data-e-type=\"widget\" data-widget_type=\"text-editor.default\">\n\t\t\t\t<div class=\"elementor-widget-container\">\n\t\t\t\t\t\t\t\t\t<div class=\"w3-center w3-padding\"><p dir=\"auto\">\u00a0Quest'isola, dedicata agli eventi storici, si trova all'ingresso della baia di Boka, tra Herceg Novi e Lu\u0161tica. La fortezza fu costruita a met\u00e0 del XIX secolo dal generale austro-ungarico Lazar Mamula. Durante la prima e la seconda guerra mondiale, la fortezza fu utilizzata come prigione, soprattutto per coloro che non sanno nuotare e quindi non possono scappare.Ora \u00e8 un resort privato.<\/p><\/div>\t\t\t\t\t\t\t\t<\/div>\n\t\t\t\t<\/div>\n\t\t\t\t\t<\/div>\n\t\t<\/div>\n\t\t\t\t\t<\/div>\n\t\t<\/section>\n\t\t\t\t<section class=\"elementor-section elementor-top-section elementor-element elementor-element-32dd6cf elementor-section-boxed elementor-section-height-default elementor-section-height-default\" data-id=\"32dd6cf\" data-element_type=\"section\" data-e-type=\"section\">\n\t\t\t\t\t\t<div class=\"elementor-container elementor-column-gap-default\">\n\t\t\t\t\t<div class=\"elementor-column elementor-col-50 elementor-top-column elementor-element elementor-element-eb106aa\" data-id=\"eb106aa\" data-element_type=\"column\" data-e-type=\"column\">\n\t\t\t<div class=\"elementor-widget-wrap elementor-element-populated\">\n\t\t\t\t\t\t<div class=\"elementor-element elementor-element-4a226f2 elementor-widget elementor-widget-image\" data-id=\"4a226f2\" data-element_type=\"widget\" data-e-type=\"widget\" data-widget_type=\"image.default\">\n\t\t\t\t<div class=\"elementor-widget-container\">\n\t\t\t\t\t\t\t\t\t\t\t\t\t\t\t<img loading=\"lazy\" decoding=\"async\" width=\"800\" height=\"600\" src=\"https:\/\/sbtmagellan.me\/wp-content\/uploads\/2023\/06\/image-2023-06-26T235644.169-1024x768.jpg\" class=\"attachment-large size-large wp-image-326\" alt=\"\" srcset=\"https:\/\/sbtmagellan.me\/wp-content\/uploads\/2023\/06\/image-2023-06-26T235644.169-1024x768.jpg 1024w, https:\/\/sbtmagellan.me\/wp-content\/uploads\/2023\/06\/image-2023-06-26T235644.169-300x225.jpg 300w, https:\/\/sbtmagellan.me\/wp-content\/uploads\/2023\/06\/image-2023-06-26T235644.169-768x576.jpg 768w, https:\/\/sbtmagellan.me\/wp-content\/uploads\/2023\/06\/image-2023-06-26T235644.169-1536x1152.jpg 1536w, https:\/\/sbtmagellan.me\/wp-content\/uploads\/2023\/06\/image-2023-06-26T235644.169-2048x1536.jpg 2048w, https:\/\/sbtmagellan.me\/wp-content\/uploads\/2023\/06\/image-2023-06-26T235644.169-16x12.jpg 16w\" sizes=\"(max-width: 800px) 100vw, 800px\" \/>\t\t\t\t\t\t\t\t\t\t\t\t\t\t\t<\/div>\n\t\t\t\t<\/div>\n\t\t\t\t\t<\/div>\n\t\t<\/div>\n\t\t\t\t<div class=\"elementor-column elementor-col-50 elementor-top-column elementor-element elementor-element-b081b62\" data-id=\"b081b62\" data-element_type=\"column\" data-e-type=\"column\">\n\t\t\t<div class=\"elementor-widget-wrap elementor-element-populated\">\n\t\t\t\t\t\t<div class=\"elementor-element elementor-element-c900ea6 elementor-widget elementor-widget-heading\" data-id=\"c900ea6\" data-element_type=\"widget\" data-e-type=\"widget\" data-widget_type=\"heading.default\">\n\t\t\t\t<div class=\"elementor-widget-container\">\n\t\t\t\t\t<h2 class=\"elementor-heading-title elementor-size-default\">Grotta Azzurra<\/h2>\t\t\t\t<\/div>\n\t\t\t\t<\/div>\n\t\t\t\t<div class=\"elementor-element elementor-element-c32a7d7 elementor-widget elementor-widget-text-editor\" data-id=\"c32a7d7\" data-element_type=\"widget\" data-e-type=\"widget\" data-widget_type=\"text-editor.default\">\n\t\t\t\t<div class=\"elementor-widget-container\">\n\t\t\t\t\t\t\t\t\t<div class=\"w3-center w3-padding\"><div class=\"w3-center w3-padding\"><p id=\"modal-desc\" class=\"w3-margin w3-justify\">Il fenomeno naturale pi\u00f9 bello della costa montenegrina. Questa grotta naturale con un soffitto di 9 metri sul livello del mare, toglie il fiato a chiunque la visiti. Attraverso la luce solare che entra entra nel suo interno e avvolge la superficie dell'acqua creando grandi sfumature di colore blu da cui la grotta ha preso il nome.<\/p><\/div><\/div>\t\t\t\t\t\t\t\t<\/div>\n\t\t\t\t<\/div>\n\t\t\t\t\t<\/div>\n\t\t<\/div>\n\t\t\t\t\t<\/div>\n\t\t<\/section>\n\t\t\t\t<section class=\"elementor-section elementor-top-section elementor-element elementor-element-95b9411 elementor-section-boxed elementor-section-height-default elementor-section-height-default\" data-id=\"95b9411\" data-element_type=\"section\" data-e-type=\"section\">\n\t\t\t\t\t\t<div class=\"elementor-container elementor-column-gap-default\">\n\t\t\t\t\t<div class=\"elementor-column elementor-col-50 elementor-top-column elementor-element elementor-element-e7a7fd5\" data-id=\"e7a7fd5\" data-element_type=\"column\" data-e-type=\"column\">\n\t\t\t<div class=\"elementor-widget-wrap elementor-element-populated\">\n\t\t\t\t\t\t<div class=\"elementor-element elementor-element-5157ce4 elementor-widget elementor-widget-image\" data-id=\"5157ce4\" data-element_type=\"widget\" data-e-type=\"widget\" data-widget_type=\"image.default\">\n\t\t\t\t<div class=\"elementor-widget-container\">\n\t\t\t\t\t\t\t\t\t\t\t\t\t\t\t<img loading=\"lazy\" decoding=\"async\" width=\"800\" height=\"586\" src=\"https:\/\/sbtmagellan.me\/wp-content\/uploads\/2023\/06\/modalsubbase-1024x750.jpg\" class=\"attachment-large size-large wp-image-444\" alt=\"\" srcset=\"https:\/\/sbtmagellan.me\/wp-content\/uploads\/2023\/06\/modalsubbase-1024x750.jpg 1024w, https:\/\/sbtmagellan.me\/wp-content\/uploads\/2023\/06\/modalsubbase-300x220.jpg 300w, https:\/\/sbtmagellan.me\/wp-content\/uploads\/2023\/06\/modalsubbase-768x563.jpg 768w, https:\/\/sbtmagellan.me\/wp-content\/uploads\/2023\/06\/modalsubbase-16x12.jpg 16w, https:\/\/sbtmagellan.me\/wp-content\/uploads\/2023\/06\/modalsubbase.jpg 1170w\" sizes=\"(max-width: 800px) 100vw, 800px\" \/>\t\t\t\t\t\t\t\t\t\t\t\t\t\t\t<\/div>\n\t\t\t\t<\/div>\n\t\t\t\t\t<\/div>\n\t\t<\/div>\n\t\t\t\t<div class=\"elementor-column elementor-col-50 elementor-top-column elementor-element elementor-element-a2eb5c2\" data-id=\"a2eb5c2\" data-element_type=\"column\" data-e-type=\"column\">\n\t\t\t<div class=\"elementor-widget-wrap elementor-element-populated\">\n\t\t\t\t\t\t<div class=\"elementor-element elementor-element-458c996 elementor-widget elementor-widget-heading\" data-id=\"458c996\" data-element_type=\"widget\" data-e-type=\"widget\" data-widget_type=\"heading.default\">\n\t\t\t\t<div class=\"elementor-widget-container\">\n\t\t\t\t\t<h2 class=\"elementor-heading-title elementor-size-default\">Ex \"base sottomarina\"di Yugoslavia.\n\n<\/h2>\t\t\t\t<\/div>\n\t\t\t\t<\/div>\n\t\t\t\t<div class=\"elementor-element elementor-element-8c635ad elementor-widget elementor-widget-text-editor\" data-id=\"8c635ad\" data-element_type=\"widget\" data-e-type=\"widget\" data-widget_type=\"text-editor.default\">\n\t\t\t\t<div class=\"elementor-widget-container\">\n\t\t\t\t\t\t\t\t\t<div class=\"w3-center w3-padding\"><div class=\"w3-center w3-padding\"><p id=\"modal-desc\" class=\"w3-margin w3-justify\">Era usato durante le guerre per nascondere i sottomarini ai nemici. L'ex luogo pi\u00f9 segreto della Jugoslavia \u00e8 ora il luogo pi\u00f9 visitato del Montenegro.<\/p><\/div><\/div>\t\t\t\t\t\t\t\t<\/div>\n\t\t\t\t<\/div>\n\t\t\t\t\t<\/div>\n\t\t<\/div>\n\t\t\t\t\t<\/div>\n\t\t<\/section>\n\t\t\t\t<\/div>","protected":false},"excerpt":{"rendered":"<p>Landmarks Perast Perast is a marvelous small gulf town with a rich maritime past, series of baroque palacies, churches and two islands which are story for itselves. Since 1979 Perast is a part of Unesco World heritage and while being there you will be able to see marks of Venetian ocupation which lasted for 377 [&hellip;]<\/p>\n","protected":false},"author":1,"featured_media":0,"parent":0,"menu_order":0,"comment_status":"closed","ping_status":"closed","template":"","meta":{"footnotes":""},"class_list":["post-397","page","type-page","status-publish","hentry"],"_links":{"self":[{"href":"https:\/\/sbtmagellan.me\/it\/wp-json\/wp\/v2\/pages\/397","targetHints":{"allow":["GET"]}}],"collection":[{"href":"https:\/\/sbtmagellan.me\/it\/wp-json\/wp\/v2\/pages"}],"about":[{"href":"https:\/\/sbtmagellan.me\/it\/wp-json\/wp\/v2\/types\/page"}],"author":[{"embeddable":true,"href":"https:\/\/sbtmagellan.me\/it\/wp-json\/wp\/v2\/users\/1"}],"replies":[{"embeddable":true,"href":"https:\/\/sbtmagellan.me\/it\/wp-json\/wp\/v2\/comments?post=397"}],"version-history":[{"count":16,"href":"https:\/\/sbtmagellan.me\/it\/wp-json\/wp\/v2\/pages\/397\/revisions"}],"predecessor-version":[{"id":514,"href":"https:\/\/sbtmagellan.me\/it\/wp-json\/wp\/v2\/pages\/397\/revisions\/514"}],"wp:attachment":[{"href":"https:\/\/sbtmagellan.me\/it\/wp-json\/wp\/v2\/media?parent=397"}],"curies":[{"name":"wp","href":"https:\/\/api.w.org\/{rel}","templated":true}]}}